{"id":2351,"date":"2023-04-24T10:30:48","date_gmt":"2023-04-24T10:30:48","guid":{"rendered":"https:\/\/adia-ong.org\/proyectos\/desarrollo\/desarrollo-rural-de-las-mujeres\/"},"modified":"2023-06-06T08:02:30","modified_gmt":"2023-06-06T08:02:30","slug":"desarrollo-rural-de-las-mujeres","status":"publish","type":"page","link":"https:\/\/adia-ong.org\/es\/proyectos\/desarrollo\/desarrollo-rural-de-las-mujeres\/","title":{"rendered":"Desarrollo Rural de las mujeres"},"content":{"rendered":"\t\t<div data-elementor-type=\"wp-page\" data-elementor-id=\"2351\" class=\"elementor elementor-2351 elementor-1261\" data-elementor-post-type=\"page\">\n\t\t\t\t\t\t<section class=\"elementor-section elementor-top-section elementor-element elementor-element-a8fa6c6 elementor-reverse-mobile elementor-section-boxed elementor-section-height-default elementor-section-height-default\" data-id=\"a8fa6c6\" data-element_type=\"section\" data-settings=\"{&quot;background_background&quot;:&quot;classic&quot;,&quot;shape_divider_bottom&quot;:&quot;opacity-tilt&quot;}\">\n\t\t\t\t\t\t\t<div class=\"elementor-background-overlay\"><\/div>\n\t\t\t\t\t\t<div class=\"elementor-shape elementor-shape-bottom\" aria-hidden=\"true\" data-negative=\"false\">\n\t\t\t<svg xmlns=\"http:\/\/www.w3.org\/2000\/svg\" viewBox=\"0 0 2600 131.1\" preserveAspectRatio=\"none\">\n\t<path class=\"elementor-shape-fill\" d=\"M0 0L2600 0 2600 69.1 0 0z\"\/>\n\t<path class=\"elementor-shape-fill\" style=\"opacity:0.5\" d=\"M0 0L2600 0 2600 69.1 0 69.1z\"\/>\n\t<path class=\"elementor-shape-fill\" style=\"opacity:0.25\" d=\"M2600 0L0 0 0 130.1 2600 69.1z\"\/>\n<\/svg>\t\t<\/div>\n\t\t\t\t\t<div class=\"elementor-container elementor-column-gap-default\">\n\t\t\t\t\t<div class=\"elementor-column elementor-col-50 elementor-top-column elementor-element elementor-element-7937493\" data-id=\"7937493\" data-element_type=\"column\" data-settings=\"{&quot;background_background&quot;:&quot;classic&quot;}\">\n\t\t\t<div class=\"elementor-widget-wrap\">\n\t\t\t\t\t\t\t<\/div>\n\t\t<\/div>\n\t\t\t\t<div class=\"elementor-column elementor-col-50 elementor-top-column elementor-element elementor-element-2229853\" data-id=\"2229853\" data-element_type=\"column\">\n\t\t\t<div class=\"elementor-widget-wrap elementor-element-populated\">\n\t\t\t\t\t\t<div class=\"elementor-element elementor-element-3c00e53 elementor-widget elementor-widget-heading\" data-id=\"3c00e53\" data-element_type=\"widget\" data-widget_type=\"heading.default\">\n\t\t\t\t<div class=\"elementor-widget-container\">\n\t\t\t\t\t<h2 class=\"elementor-heading-title elementor-size-default\">Proyecto de desarrollo rural a favor de las mujeres<\/h2>\t\t\t\t<\/div>\n\t\t\t\t<\/div>\n\t\t\t\t<div class=\"elementor-element elementor-element-60e4495 elementor-widget elementor-widget-text-editor\" data-id=\"60e4495\" data-element_type=\"widget\" data-widget_type=\"text-editor.default\">\n\t\t\t\t<div class=\"elementor-widget-container\">\n\t\t\t\t\t\t\t\t\t<p>El proyecto se enmarcaba en la estrategia de incrementar los medios de vida sostenibles de las familias para reducir la situaci\u00f3n de inseguridad alimentaria en la que viven.<\/p>\n<p>El proyecto desarrollado entre los a\u00f1os 2006 y 2008 benefici\u00f3 a 320 familias donde la cabeza de familia era una mujer. La iniciativa se basaba en un sistema de microcr\u00e9ditos dirigidos a apoyar actividades econ\u00f3micas relacionadas con el sector agropecuario:<\/p>\n<p>\u2022 Producci\u00f3n de leche<br \/>\u2022 Cr\u00eda de abejas para producir miel.<br \/>\u2022 Compra de bueyes para labrar la tierra.<br \/>\u2022 Cultivo de \u00e1rboles frutales y hortalizas.<\/p>\n<p>Como resultados, cabe destacar que el 75% de las mujeres beneficiadas por el proyecto increment\u00f3 su nivel de ingresos, mejor\u00f3 tambi\u00e9n el estado nutricional de sus hijos e hijas y, seg\u00fan sus propias declaraciones, fortaleci\u00f3 su autoconfianza y su seguridad frente a los hombres y la comunidad.<\/p>\n<p><script src=\"moz-extension:\/\/8de50d37-9ec1-48f0-a994-500354d092ac\/injectedPasswordless.js\" type=\"text\/javascript\"><\/script><\/p>\n<p><script src=\"moz-extension:\/\/8de50d37-9ec1-48f0-a994-500354d092ac\/injectedPasswordless.js\" type=\"text\/javascript\"><\/script><\/p>\n\t\t\t\t\t\t\t\t<\/div>\n\t\t\t\t<\/div>\n\t\t\t\t<div class=\"elementor-element elementor-element-9234ae2 elementor-align-center elementor-widget elementor-widget-button\" data-id=\"9234ae2\" data-element_type=\"widget\" data-widget_type=\"button.default\">\n\t\t\t\t<div class=\"elementor-widget-container\">\n\t\t\t\t\t\t\t\t\t<div class=\"elementor-button-wrapper\">\n\t\t\t\t\t<a class=\"elementor-button elementor-button-link elementor-size-sm elementor-animation-grow\" href=\"https:\/\/www.adia-ong.org\/es\/colabora\">\n\t\t\t\t\t\t<span class=\"elementor-button-content-wrapper\">\n\t\t\t\t\t\t\t\t\t<span class=\"elementor-button-text\">Colabora con el proyecto<\/span>\n\t\t\t\t\t<\/span>\n\t\t\t\t\t<\/a>\n\t\t\t\t<\/div>\n\t\t\t\t\t\t\t\t<\/div>\n\t\t\t\t<\/div>\n\t\t\t\t\t<\/div>\n\t\t<\/div>\n\t\t\t\t\t<\/div>\n\t\t<\/section>\n\t\t\t\t<\/div>\n\t\t","protected":false},"excerpt":{"rendered":"<p>Proyecto de desarrollo rural a favor de las mujeres El proyecto se enmarcaba en la estrategia de incrementar los medios de vida sostenibles de las familias para reducir la situaci\u00f3n de inseguridad alimentaria en la que viven. El proyecto desarrollado entre los a\u00f1os 2006 y 2008 benefici\u00f3 a 320 familias donde la cabeza de familia [&hellip;]<\/p>\n","protected":false},"author":3,"featured_media":0,"parent":2349,"menu_order":1,"comment_status":"closed","ping_status":"closed","template":"","meta":{"site-sidebar-layout":"no-sidebar","site-content-layout":"page-builder","ast-site-content-layout":"default","site-content-style":"default","site-sidebar-style":"default","ast-global-header-display":"","ast-banner-title-visibility":"","ast-main-header-display":"","ast-hfb-above-header-display":"","ast-hfb-below-header-display":"","ast-hfb-mobile-header-display":"","site-post-title":"disabled","ast-breadcrumbs-content":"","ast-featured-img":"disabled","footer-sml-layout":"","theme-transparent-header-meta":"","adv-header-id-meta":"","stick-header-meta":"","header-above-stick-meta":"","header-main-stick-meta":"","header-below-stick-meta":"","astra-migrate-meta-layouts":"default","ast-page-background-enabled":"default","ast-page-background-meta":{"desktop":{"background-color":"var(--ast-global-color-4)","background-image":"","background-repeat":"repeat","background-position":"center center","background-size":"auto","background-attachment":"scroll","background-type":"","background-media":"","overlay-type":"","overlay-color":"","overlay-opacity":"","overlay-gradient":""},"tablet":{"background-color":"","background-image":"","background-repeat":"repeat","background-position":"center center","background-size":"auto","background-attachment":"scroll","background-type":"","background-media":"","overlay-type":"","overlay-color":"","overlay-opacity":"","overlay-gradient":""},"mobile":{"background-color":"","background-image":"","background-repeat":"repeat","background-position":"center center","background-size":"auto","background-attachment":"scroll","background-type":"","background-media":"","overlay-type":"","overlay-color":"","overlay-opacity":"","overlay-gradient":""}},"ast-content-background-meta":{"desktop":{"background-color":"var(--ast-global-color-5)","background-image":"","background-repeat":"repeat","background-position":"center center","background-size":"auto","background-attachment":"scroll","background-type":"","background-media":"","overlay-type":"","overlay-color":"","overlay-opacity":"","overlay-gradient":""},"tablet":{"background-color":"var(--ast-global-color-5)","background-image":"","background-repeat":"repeat","background-position":"center center","background-size":"auto","background-attachment":"scroll","background-type":"","background-media":"","overlay-type":"","overlay-color":"","overlay-opacity":"","overlay-gradient":""},"mobile":{"background-color":"var(--ast-global-color-5)","background-image":"","background-repeat":"repeat","background-position":"center center","background-size":"auto","background-attachment":"scroll","background-type":"","background-media":"","overlay-type":"","overlay-color":"","overlay-opacity":"","overlay-gradient":""}},"footnotes":""},"class_list":["post-2351","page","type-page","status-publish","hentry"],"_links":{"self":[{"href":"https:\/\/adia-ong.org\/es\/wp-json\/wp\/v2\/pages\/2351","targetHints":{"allow":["GET"]}}],"collection":[{"href":"https:\/\/adia-ong.org\/es\/wp-json\/wp\/v2\/pages"}],"about":[{"href":"https:\/\/adia-ong.org\/es\/wp-json\/wp\/v2\/types\/page"}],"author":[{"embeddable":true,"href":"https:\/\/adia-ong.org\/es\/wp-json\/wp\/v2\/users\/3"}],"replies":[{"embeddable":true,"href":"https:\/\/adia-ong.org\/es\/wp-json\/wp\/v2\/comments?post=2351"}],"version-history":[{"count":7,"href":"https:\/\/adia-ong.org\/es\/wp-json\/wp\/v2\/pages\/2351\/revisions"}],"predecessor-version":[{"id":2544,"href":"https:\/\/adia-ong.org\/es\/wp-json\/wp\/v2\/pages\/2351\/revisions\/2544"}],"up":[{"embeddable":true,"href":"https:\/\/adia-ong.org\/es\/wp-json\/wp\/v2\/pages\/2349"}],"wp:attachment":[{"href":"https:\/\/adia-ong.org\/es\/wp-json\/wp\/v2\/media?parent=2351"}],"curies":[{"name":"wp","href":"https:\/\/api.w.org\/{rel}","templated":true}]}}