{"id":2369,"date":"2023-04-27T09:30:32","date_gmt":"2023-04-27T09:30:32","guid":{"rendered":"https:\/\/adia-ong.org\/noticias\/"},"modified":"2023-06-12T07:38:17","modified_gmt":"2023-06-12T07:38:17","slug":"noticias","status":"publish","type":"page","link":"https:\/\/adia-ong.org\/es\/noticias\/","title":{"rendered":"Noticias"},"content":{"rendered":"\t\t<div data-elementor-type=\"wp-page\" data-elementor-id=\"2369\" class=\"elementor elementor-2369 elementor-1497\" data-elementor-post-type=\"page\">\n\t\t\t\t\t\t<section class=\"elementor-section elementor-top-section elementor-element elementor-element-7c25988 elementor-reverse-mobile elementor-section-full_width elementor-section-height-default elementor-section-height-default\" data-id=\"7c25988\" data-element_type=\"section\" data-settings=\"{&quot;background_background&quot;:&quot;classic&quot;,&quot;shape_divider_bottom&quot;:&quot;opacity-tilt&quot;}\">\n\t\t\t\t\t\t\t<div class=\"elementor-background-overlay\"><\/div>\n\t\t\t\t\t\t<div class=\"elementor-shape elementor-shape-bottom\" aria-hidden=\"true\" data-negative=\"false\">\n\t\t\t<svg xmlns=\"http:\/\/www.w3.org\/2000\/svg\" viewBox=\"0 0 2600 131.1\" preserveAspectRatio=\"none\">\n\t<path class=\"elementor-shape-fill\" d=\"M0 0L2600 0 2600 69.1 0 0z\"\/>\n\t<path class=\"elementor-shape-fill\" style=\"opacity:0.5\" d=\"M0 0L2600 0 2600 69.1 0 69.1z\"\/>\n\t<path class=\"elementor-shape-fill\" style=\"opacity:0.25\" d=\"M2600 0L0 0 0 130.1 2600 69.1z\"\/>\n<\/svg>\t\t<\/div>\n\t\t\t\t\t<div class=\"elementor-container elementor-column-gap-extended\">\n\t\t\t\t\t<div class=\"elementor-column elementor-col-100 elementor-top-column elementor-element elementor-element-53c5186\" data-id=\"53c5186\" data-element_type=\"column\">\n\t\t\t<div class=\"elementor-widget-wrap elementor-element-populated\">\n\t\t\t\t\t\t<div class=\"elementor-element elementor-element-8a8deb6 uael-equal__height-yes uael-posts-thumbnail-ratio uael-post__cta-fullwidth-yes elementor-widget elementor-widget-uael-posts\" data-id=\"8a8deb6\" data-element_type=\"widget\" data-settings=\"{&quot;classic_slides_to_show&quot;:3,&quot;classic_slides_to_show_tablet&quot;:2,&quot;classic_slides_to_show_mobile&quot;:1,&quot;classic_pagination_type&quot;:&quot;ajax&quot;,&quot;classic_show_filters&quot;:&quot;no&quot;}\" data-widget_type=\"uael-posts.classic\">\n\t\t\t\t<div class=\"elementor-widget-container\">\n\t\t\t\t\t\t\t<div class=\"uael-post__header\">\n\t\t\t\t\t<\/div>\n\t\t<div class=\"uael-post__body\">\n\t\t\t\n\t\t\n\t\t<div class=\"uael-blog-terms-position- uael-post-image-top uael-post-grid uael-posts\" data-query-type=\"custom\" data-structure=\"normal\" data-layout=\"\" data-page=\"2369\" data-skin=\"classic\" data-filter-default=\"\" data-offset-top=\"30\" >\n\n\t\t\t\t\t\t\t<div class=\"uael-post-grid__inner uael-post__columns-3 uael-post__columns-tablet-2 uael-post__columns-mobile-1\">\n\t\t\t\n<div class=\"uael-post-wrapper   noticias \">\n\t<div class=\"uael-post__bg-wrap uael-bg-wrap-disabled \">\n\n\t\t\t\t\n\t\t<div class=\"uael-post__inner-wrap uael-inner-wrap-disabled\">\n\n\t\t\t\t<div class=\"uael-post__thumbnail\">\n\t\t\t\n\t\t\t<a href=\"https:\/\/adia-ong.org\/es\/2022\/11\/10\/nueva-exposicion-de-fotos-en-el-ateneu-de-cerdanyola-a-cargo-de-adia\/\" target=\"_self\" title=\"Nueva exposici\u00f3n de fotos en el Ateneu de Cerdanyola, a cargo de ADIA\"><img fetchpriority=\"high\" decoding=\"async\" width=\"1596\" height=\"740\" src=\"https:\/\/adia-ong.org\/wp-content\/uploads\/2022\/10\/noticia-tardor-solidaria-adia-22-e1668072354445-1.jpg\" class=\"attachment-full size-full wp-image-2121\" alt=\"\" srcset=\"https:\/\/adia-ong.org\/wp-content\/uploads\/2022\/10\/noticia-tardor-solidaria-adia-22-e1668072354445-1.jpg 1596w, https:\/\/adia-ong.org\/wp-content\/uploads\/2022\/10\/noticia-tardor-solidaria-adia-22-e1668072354445-1-300x139.jpg 300w, https:\/\/adia-ong.org\/wp-content\/uploads\/2022\/10\/noticia-tardor-solidaria-adia-22-e1668072354445-1-1024x475.jpg 1024w, https:\/\/adia-ong.org\/wp-content\/uploads\/2022\/10\/noticia-tardor-solidaria-adia-22-e1668072354445-1-768x356.jpg 768w, https:\/\/adia-ong.org\/wp-content\/uploads\/2022\/10\/noticia-tardor-solidaria-adia-22-e1668072354445-1-1536x712.jpg 1536w\" sizes=\"(max-width: 1596px) 100vw, 1596px\" \/><\/a>\n\t\t\t\t\t<\/div>\n\t\t\n\t\t\t\n\t\t\t<div class=\"uael-post__content-wrap uael-content-wrap-disabled\">\n\t\t\t\t\t<h3 class=\"uael-post__title\">\n\n\t\t\n\t\t\t\t\t\t<a href=\"https:\/\/adia-ong.org\/es\/2022\/11\/10\/nueva-exposicion-de-fotos-en-el-ateneu-de-cerdanyola-a-cargo-de-adia\/\" target=\"_blank\">\n\t\t\t\tNueva exposici\u00f3n de fotos en el Ateneu de Cerdanyola, a cargo de ADIA\t\t\t<\/a>\n\n\t\t\t\t<\/h3>\n\t\t\t\t\t<div class=\"uael-post__meta-data\">\n\t\t\t\t\t<span class=\"uael-post__date\">\n\t\t\t\t\t\t\t\t\t\t\t\t\t<i aria-hidden=\"true\" class=\"fa fa-calendar\"><\/i>\t\t\t\t\t\t\t\t\t\n\t\t\t10 de noviembre de 2022\t\t<\/span>\n\t\t\t\t<\/div>\n\t\t\n\t\t<div class=\"uael-post__excerpt\">\n\t\t\tADIA abre una ventana a la realidad africana. Del jueves 13 de octubre al domingo 13 de noviembre, el Ateneu ...\t\t<\/div>\n\n\t\t\t\t\t<a class=\"uael-post__read-more elementor-button\" href=\"https:\/\/adia-ong.org\/es\/2022\/11\/10\/nueva-exposicion-de-fotos-en-el-ateneu-de-cerdanyola-a-cargo-de-adia\/\" target=\"_blank\" aria-labelledby=\"uael-post-2577\">\n\t\t\t\t\t<span class=\"elementor-button-content-wrapper\">\n\t\t\t\t\t\t\t\t\t\t\t\t\t\t<span class=\"elementor-button-icon elementor-align-icon-left\">\n\n\t\t\t\t\t\t\t\t\t<i aria-hidden=\"true\" class=\"fas fa-book-open\"><\/i>\n\t\t\t\t\t\t\t\t<\/span>\n\t\t\t\t\t\t\t\t\t\t\t\t\t\n\t\t\t\t\t\t<span class=\"elementor-button-text\" id=uael-post-2577>Leer m\u00e1s<\/span>\n\t\t\t\t\t<\/span>\n\t\t\t\t<\/a>\n\t\t\t\t\t\t<\/div>\n\t\t\t\n\t\t<\/div>\n\t\t\n\t<\/div>\n\n<\/div>\n\n<div class=\"uael-post-wrapper   noticias \">\n\t<div class=\"uael-post__bg-wrap uael-bg-wrap-disabled \">\n\n\t\t\t\t\n\t\t<div class=\"uael-post__inner-wrap uael-inner-wrap-disabled\">\n\n\t\t\t\t<div class=\"uael-post__thumbnail\">\n\t\t\t\n\t\t\t<a href=\"https:\/\/adia-ong.org\/es\/2022\/10\/04\/un-merienda-solidaria-y-musica-en-vivo-para-ayudar-a-las-familias-de-etiopia\/\" target=\"_self\" title=\"Un merienda solidaria y m\u00fasica en vivo para ayudar a las familias de Etiop\u00eda\"><img decoding=\"async\" width=\"2560\" height=\"1920\" src=\"https:\/\/adia-ong.org\/wp-content\/uploads\/2018\/01\/web-el-consell.-adia-1-1-scaled.jpg\" class=\"attachment-full size-full wp-image-2061\" alt=\"\" srcset=\"https:\/\/adia-ong.org\/wp-content\/uploads\/2018\/01\/web-el-consell.-adia-1-1-scaled.jpg 2560w, https:\/\/adia-ong.org\/wp-content\/uploads\/2018\/01\/web-el-consell.-adia-1-1-300x225.jpg 300w, https:\/\/adia-ong.org\/wp-content\/uploads\/2018\/01\/web-el-consell.-adia-1-1-1024x768.jpg 1024w, https:\/\/adia-ong.org\/wp-content\/uploads\/2018\/01\/web-el-consell.-adia-1-1-768x576.jpg 768w, https:\/\/adia-ong.org\/wp-content\/uploads\/2018\/01\/web-el-consell.-adia-1-1-1536x1152.jpg 1536w, https:\/\/adia-ong.org\/wp-content\/uploads\/2018\/01\/web-el-consell.-adia-1-1-2048x1536.jpg 2048w\" sizes=\"(max-width: 2560px) 100vw, 2560px\" \/><\/a>\n\t\t\t\t\t<\/div>\n\t\t\n\t\t\t\n\t\t\t<div class=\"uael-post__content-wrap uael-content-wrap-disabled\">\n\t\t\t\t\t<h3 class=\"uael-post__title\">\n\n\t\t\n\t\t\t\t\t\t<a href=\"https:\/\/adia-ong.org\/es\/2022\/10\/04\/un-merienda-solidaria-y-musica-en-vivo-para-ayudar-a-las-familias-de-etiopia\/\" target=\"_blank\">\n\t\t\t\tUn merienda solidaria y m\u00fasica en vivo para ayudar a las familias de Etiop\u00eda\t\t\t<\/a>\n\n\t\t\t\t<\/h3>\n\t\t\t\t\t<div class=\"uael-post__meta-data\">\n\t\t\t\t\t<span class=\"uael-post__date\">\n\t\t\t\t\t\t\t\t\t\t\t\t\t<i aria-hidden=\"true\" class=\"fa fa-calendar\"><\/i>\t\t\t\t\t\t\t\t\t\n\t\t\t4 de octubre de 2022\t\t<\/span>\n\t\t\t\t<\/div>\n\t\t\n\t\t<div class=\"uael-post__excerpt\">\n\t\t\t&#8211; ADIA vuelve a celebrar su merienda anual para ayudar a Etiop\u00eda &#8211; Un encuentro solidario para ni\u00f1os, ni\u00f1as y ...\t\t<\/div>\n\n\t\t\t\t\t<a class=\"uael-post__read-more elementor-button\" href=\"https:\/\/adia-ong.org\/es\/2022\/10\/04\/un-merienda-solidaria-y-musica-en-vivo-para-ayudar-a-las-familias-de-etiopia\/\" target=\"_blank\" aria-labelledby=\"uael-post-2582\">\n\t\t\t\t\t<span class=\"elementor-button-content-wrapper\">\n\t\t\t\t\t\t\t\t\t\t\t\t\t\t<span class=\"elementor-button-icon elementor-align-icon-left\">\n\n\t\t\t\t\t\t\t\t\t<i aria-hidden=\"true\" class=\"fas fa-book-open\"><\/i>\n\t\t\t\t\t\t\t\t<\/span>\n\t\t\t\t\t\t\t\t\t\t\t\t\t\n\t\t\t\t\t\t<span class=\"elementor-button-text\" id=uael-post-2582>Leer m\u00e1s<\/span>\n\t\t\t\t\t<\/span>\n\t\t\t\t<\/a>\n\t\t\t\t\t\t<\/div>\n\t\t\t\n\t\t<\/div>\n\t\t\n\t<\/div>\n\n<\/div>\n\n<div class=\"uael-post-wrapper   noticias \">\n\t<div class=\"uael-post__bg-wrap uael-bg-wrap-disabled \">\n\n\t\t\t\t\n\t\t<div class=\"uael-post__inner-wrap uael-inner-wrap-disabled\">\n\n\t\t\t\t<div class=\"uael-post__thumbnail\">\n\t\t\t\n\t\t\t<a href=\"https:\/\/adia-ong.org\/es\/2022\/01\/14\/alto-indice-de-recaudacion-a-pesar-de-la-pandemia-gracias-al-casal-esport-per-nadal\/\" target=\"_self\" title=\"Alto \u00edndice de recaudaci\u00f3n, a pesar de la pandemia, gracias al casal \u201cEsport per Nadal\u201d\"><img decoding=\"async\" width=\"1920\" height=\"1280\" src=\"https:\/\/adia-ong.org\/wp-content\/uploads\/2022\/01\/Foto-Animacio-Talo-Esport-X-Nadal-01.jpg\" class=\"attachment-full size-full wp-image-2103\" alt=\"\" srcset=\"https:\/\/adia-ong.org\/wp-content\/uploads\/2022\/01\/Foto-Animacio-Talo-Esport-X-Nadal-01.jpg 1920w, https:\/\/adia-ong.org\/wp-content\/uploads\/2022\/01\/Foto-Animacio-Talo-Esport-X-Nadal-01-300x200.jpg 300w, https:\/\/adia-ong.org\/wp-content\/uploads\/2022\/01\/Foto-Animacio-Talo-Esport-X-Nadal-01-1024x683.jpg 1024w, https:\/\/adia-ong.org\/wp-content\/uploads\/2022\/01\/Foto-Animacio-Talo-Esport-X-Nadal-01-768x512.jpg 768w, https:\/\/adia-ong.org\/wp-content\/uploads\/2022\/01\/Foto-Animacio-Talo-Esport-X-Nadal-01-1536x1024.jpg 1536w\" sizes=\"(max-width: 1920px) 100vw, 1920px\" \/><\/a>\n\t\t\t\t\t<\/div>\n\t\t\n\t\t\t\n\t\t\t<div class=\"uael-post__content-wrap uael-content-wrap-disabled\">\n\t\t\t\t\t<h3 class=\"uael-post__title\">\n\n\t\t\n\t\t\t\t\t\t<a href=\"https:\/\/adia-ong.org\/es\/2022\/01\/14\/alto-indice-de-recaudacion-a-pesar-de-la-pandemia-gracias-al-casal-esport-per-nadal\/\" target=\"_blank\">\n\t\t\t\tAlto \u00edndice de recaudaci\u00f3n, a pesar de la pandemia, gracias al casal \u201cEsport per Nadal\u201d\t\t\t<\/a>\n\n\t\t\t\t<\/h3>\n\t\t\t\t\t<div class=\"uael-post__meta-data\">\n\t\t\t\t\t<span class=\"uael-post__date\">\n\t\t\t\t\t\t\t\t\t\t\t\t\t<i aria-hidden=\"true\" class=\"fa fa-calendar\"><\/i>\t\t\t\t\t\t\t\t\t\n\t\t\t14 de enero de 2022\t\t<\/span>\n\t\t\t\t<\/div>\n\t\t\n\t\t<div class=\"uael-post__excerpt\">\n\t\t\tEl casal \u201cEsport per Nadal\u201d, que se celebr\u00f3 en las instalaciones los d\u00edas 23 y 24 de diciembre, ha recaudado ...\t\t<\/div>\n\n\t\t\t\t\t<a class=\"uael-post__read-more elementor-button\" href=\"https:\/\/adia-ong.org\/es\/2022\/01\/14\/alto-indice-de-recaudacion-a-pesar-de-la-pandemia-gracias-al-casal-esport-per-nadal\/\" target=\"_blank\" aria-labelledby=\"uael-post-2583\">\n\t\t\t\t\t<span class=\"elementor-button-content-wrapper\">\n\t\t\t\t\t\t\t\t\t\t\t\t\t\t<span class=\"elementor-button-icon elementor-align-icon-left\">\n\n\t\t\t\t\t\t\t\t\t<i aria-hidden=\"true\" class=\"fas fa-book-open\"><\/i>\n\t\t\t\t\t\t\t\t<\/span>\n\t\t\t\t\t\t\t\t\t\t\t\t\t\n\t\t\t\t\t\t<span class=\"elementor-button-text\" id=uael-post-2583>Leer m\u00e1s<\/span>\n\t\t\t\t\t<\/span>\n\t\t\t\t<\/a>\n\t\t\t\t\t\t<\/div>\n\t\t\t\n\t\t<\/div>\n\t\t\n\t<\/div>\n\n<\/div>\n\n<div class=\"uael-post-wrapper   noticias \">\n\t<div class=\"uael-post__bg-wrap uael-bg-wrap-disabled \">\n\n\t\t\t\t\n\t\t<div class=\"uael-post__inner-wrap uael-inner-wrap-disabled\">\n\n\t\t\t\t<div class=\"uael-post__thumbnail\">\n\t\t\t\n\t\t\t<a href=\"https:\/\/adia-ong.org\/es\/2021\/11\/25\/nueva-exposicion-benefica-impulsada-por-adia-en-la-localidad-de-fraga\/\" target=\"_self\" title=\"Nueva exposici\u00f3n ben\u00e9fica, impulsada por ADIA, en la localidad de Fraga\"><img loading=\"lazy\" decoding=\"async\" width=\"2560\" height=\"1435\" src=\"https:\/\/adia-ong.org\/wp-content\/uploads\/2021\/11\/exposicio-josep-grifoll-fraga-sorteig-adia-1-scaled.jpg\" class=\"attachment-full size-full wp-image-2179\" alt=\"\" srcset=\"https:\/\/adia-ong.org\/wp-content\/uploads\/2021\/11\/exposicio-josep-grifoll-fraga-sorteig-adia-1-scaled.jpg 2560w, https:\/\/adia-ong.org\/wp-content\/uploads\/2021\/11\/exposicio-josep-grifoll-fraga-sorteig-adia-1-300x168.jpg 300w, https:\/\/adia-ong.org\/wp-content\/uploads\/2021\/11\/exposicio-josep-grifoll-fraga-sorteig-adia-1-1024x574.jpg 1024w, https:\/\/adia-ong.org\/wp-content\/uploads\/2021\/11\/exposicio-josep-grifoll-fraga-sorteig-adia-1-768x431.jpg 768w, https:\/\/adia-ong.org\/wp-content\/uploads\/2021\/11\/exposicio-josep-grifoll-fraga-sorteig-adia-1-1536x861.jpg 1536w, https:\/\/adia-ong.org\/wp-content\/uploads\/2021\/11\/exposicio-josep-grifoll-fraga-sorteig-adia-1-2048x1148.jpg 2048w\" sizes=\"(max-width: 2560px) 100vw, 2560px\" \/><\/a>\n\t\t\t\t\t<\/div>\n\t\t\n\t\t\t\n\t\t\t<div class=\"uael-post__content-wrap uael-content-wrap-disabled\">\n\t\t\t\t\t<h3 class=\"uael-post__title\">\n\n\t\t\n\t\t\t\t\t\t<a href=\"https:\/\/adia-ong.org\/es\/2021\/11\/25\/nueva-exposicion-benefica-impulsada-por-adia-en-la-localidad-de-fraga\/\" target=\"_blank\">\n\t\t\t\tNueva exposici\u00f3n ben\u00e9fica, impulsada por ADIA, en la localidad de Fraga\t\t\t<\/a>\n\n\t\t\t\t<\/h3>\n\t\t\t\t\t<div class=\"uael-post__meta-data\">\n\t\t\t\t\t<span class=\"uael-post__date\">\n\t\t\t\t\t\t\t\t\t\t\t\t\t<i aria-hidden=\"true\" class=\"fa fa-calendar\"><\/i>\t\t\t\t\t\t\t\t\t\n\t\t\t25 de noviembre de 2021\t\t<\/span>\n\t\t\t\t<\/div>\n\t\t\n\t\t<div class=\"uael-post__excerpt\">\n\t\t\tEl pasado s\u00e1bado 20 de noviembre a las 18 h., ADIA celebr\u00f3 la Inauguraci\u00f3n de la Exposici\u00f3n Solidaria de Torrent ...\t\t<\/div>\n\n\t\t\t\t\t<a class=\"uael-post__read-more elementor-button\" href=\"https:\/\/adia-ong.org\/es\/2021\/11\/25\/nueva-exposicion-benefica-impulsada-por-adia-en-la-localidad-de-fraga\/\" target=\"_blank\" aria-labelledby=\"uael-post-2584\">\n\t\t\t\t\t<span class=\"elementor-button-content-wrapper\">\n\t\t\t\t\t\t\t\t\t\t\t\t\t\t<span class=\"elementor-button-icon elementor-align-icon-left\">\n\n\t\t\t\t\t\t\t\t\t<i aria-hidden=\"true\" class=\"fas fa-book-open\"><\/i>\n\t\t\t\t\t\t\t\t<\/span>\n\t\t\t\t\t\t\t\t\t\t\t\t\t\n\t\t\t\t\t\t<span class=\"elementor-button-text\" id=uael-post-2584>Leer m\u00e1s<\/span>\n\t\t\t\t\t<\/span>\n\t\t\t\t<\/a>\n\t\t\t\t\t\t<\/div>\n\t\t\t\n\t\t<\/div>\n\t\t\n\t<\/div>\n\n<\/div>\n\t\t\t\t<\/div>\n\t\t\t\t\t\t\n\t\t<\/div>\n\n\t\t\t\t\t\t<\/div>\n\t\t<div class=\"uael-post__footer\">\n\t\t\t\t\t<\/div>\n\t\t\t\t\t\t<\/div>\n\t\t\t\t<\/div>\n\t\t\t\t\t<\/div>\n\t\t<\/div>\n\t\t\t\t\t<\/div>\n\t\t<\/section>\n\t\t\t\t<\/div>\n\t\t","protected":false},"excerpt":{"rendered":"<p>Nova exposici\u00f3 de fotos a l&#8217;Ateneu de Cerdanyola, a c\u00e0rrec d&#8217;ADIA 10 de novembre de 2022 ADIA obre una finestra a la realitat africana. Del dijous 13 d&#8217;octubre al diumenge 13 de novembre, l&#8217;Ateneu de Cerdanyola &#8230; Leer m\u00e1s Un berenar solidari i m\u00fasica en viu per ajudar a les fam\u00edlies d&#8217;Eti\u00f2pia 4 d&#8217;octubre de [&hellip;]<\/p>\n","protected":false},"author":1,"featured_media":0,"parent":0,"menu_order":0,"comment_status":"closed","ping_status":"closed","template":"","meta":{"site-sidebar-layout":"no-sidebar","site-content-layout":"page-builder","ast-site-content-layout":"default","site-content-style":"default","site-sidebar-style":"default","ast-global-header-display":"","ast-banner-title-visibility":"","ast-main-header-display":"","ast-hfb-above-header-display":"","ast-hfb-below-header-display":"","ast-hfb-mobile-header-display":"","site-post-title":"disabled","ast-breadcrumbs-content":"","ast-featured-img":"disabled","footer-sml-layout":"","theme-transparent-header-meta":"","adv-header-id-meta":"","stick-header-meta":"","header-above-stick-meta":"","header-main-stick-meta":"","header-below-stick-meta":"","astra-migrate-meta-layouts":"default","ast-page-background-enabled":"default","ast-page-background-meta":{"desktop":{"background-color":"var(--ast-global-color-4)","background-image":"","background-repeat":"repeat","background-position":"center center","background-size":"auto","background-attachment":"scroll","background-type":"","background-media":"","overlay-type":"","overlay-color":"","overlay-opacity":"","overlay-gradient":""},"tablet":{"background-color":"","background-image":"","background-repeat":"repeat","background-position":"center center","background-size":"auto","background-attachment":"scroll","background-type":"","background-media":"","overlay-type":"","overlay-color":"","overlay-opacity":"","overlay-gradient":""},"mobile":{"background-color":"","background-image":"","background-repeat":"repeat","background-position":"center center","background-size":"auto","background-attachment":"scroll","background-type":"","background-media":"","overlay-type":"","overlay-color":"","overlay-opacity":"","overlay-gradient":""}},"ast-content-background-meta":{"desktop":{"background-color":"var(--ast-global-color-5)","background-image":"","background-repeat":"repeat","background-position":"center center","background-size":"auto","background-attachment":"scroll","background-type":"","background-media":"","overlay-type":"","overlay-color":"","overlay-opacity":"","overlay-gradient":""},"tablet":{"background-color":"var(--ast-global-color-5)","background-image":"","background-repeat":"repeat","background-position":"center center","background-size":"auto","background-attachment":"scroll","background-type":"","background-media":"","overlay-type":"","overlay-color":"","overlay-opacity":"","overlay-gradient":""},"mobile":{"background-color":"var(--ast-global-color-5)","background-image":"","background-repeat":"repeat","background-position":"center center","background-size":"auto","background-attachment":"scroll","background-type":"","background-media":"","overlay-type":"","overlay-color":"","overlay-opacity":"","overlay-gradient":""}},"footnotes":""},"class_list":["post-2369","page","type-page","status-publish","hentry"],"_links":{"self":[{"href":"https:\/\/adia-ong.org\/es\/wp-json\/wp\/v2\/pages\/2369","targetHints":{"allow":["GET"]}}],"collection":[{"href":"https:\/\/adia-ong.org\/es\/wp-json\/wp\/v2\/pages"}],"about":[{"href":"https:\/\/adia-ong.org\/es\/wp-json\/wp\/v2\/types\/page"}],"author":[{"embeddable":true,"href":"https:\/\/adia-ong.org\/es\/wp-json\/wp\/v2\/users\/1"}],"replies":[{"embeddable":true,"href":"https:\/\/adia-ong.org\/es\/wp-json\/wp\/v2\/comments?post=2369"}],"version-history":[{"count":10,"href":"https:\/\/adia-ong.org\/es\/wp-json\/wp\/v2\/pages\/2369\/revisions"}],"predecessor-version":[{"id":2587,"href":"https:\/\/adia-ong.org\/es\/wp-json\/wp\/v2\/pages\/2369\/revisions\/2587"}],"wp:attachment":[{"href":"https:\/\/adia-ong.org\/es\/wp-json\/wp\/v2\/media?parent=2369"}],"curies":[{"name":"wp","href":"https:\/\/api.w.org\/{rel}","templated":true}]}}