{"id":2378,"date":"2023-04-24T10:32:42","date_gmt":"2023-04-24T10:32:42","guid":{"rendered":"https:\/\/adia-ong.org\/proyectos\/nutricion-infantil-suplementaria\/nutricion-y-deporte\/"},"modified":"2023-05-29T17:53:35","modified_gmt":"2023-05-29T17:53:35","slug":"nutricion-y-deporte","status":"publish","type":"page","link":"https:\/\/adia-ong.org\/es\/proyectos\/nutricion-infantil-suplementaria\/nutricion-y-deporte\/","title":{"rendered":"Nutrici\u00f3n y Deporte"},"content":{"rendered":"\t\t<div data-elementor-type=\"wp-page\" data-elementor-id=\"2378\" class=\"elementor elementor-2378 elementor-1271\" data-elementor-post-type=\"page\">\n\t\t\t\t\t\t<section class=\"elementor-section elementor-top-section elementor-element elementor-element-d74bb31 elementor-reverse-mobile elementor-section-boxed elementor-section-height-default elementor-section-height-default\" data-id=\"d74bb31\" data-element_type=\"section\" data-settings=\"{&quot;background_background&quot;:&quot;classic&quot;,&quot;shape_divider_bottom&quot;:&quot;opacity-tilt&quot;}\">\n\t\t\t\t\t\t\t<div class=\"elementor-background-overlay\"><\/div>\n\t\t\t\t\t\t<div class=\"elementor-shape elementor-shape-bottom\" aria-hidden=\"true\" data-negative=\"false\">\n\t\t\t<svg xmlns=\"http:\/\/www.w3.org\/2000\/svg\" viewBox=\"0 0 2600 131.1\" preserveAspectRatio=\"none\">\n\t<path class=\"elementor-shape-fill\" d=\"M0 0L2600 0 2600 69.1 0 0z\"\/>\n\t<path class=\"elementor-shape-fill\" style=\"opacity:0.5\" d=\"M0 0L2600 0 2600 69.1 0 69.1z\"\/>\n\t<path class=\"elementor-shape-fill\" style=\"opacity:0.25\" d=\"M2600 0L0 0 0 130.1 2600 69.1z\"\/>\n<\/svg>\t\t<\/div>\n\t\t\t\t\t<div class=\"elementor-container elementor-column-gap-default\">\n\t\t\t\t\t<div class=\"elementor-column elementor-col-50 elementor-top-column elementor-element elementor-element-712c3ac\" data-id=\"712c3ac\" data-element_type=\"column\" data-settings=\"{&quot;background_background&quot;:&quot;classic&quot;}\">\n\t\t\t<div class=\"elementor-widget-wrap\">\n\t\t\t\t\t\t\t<\/div>\n\t\t<\/div>\n\t\t\t\t<div class=\"elementor-column elementor-col-50 elementor-top-column elementor-element elementor-element-81550e6\" data-id=\"81550e6\" data-element_type=\"column\">\n\t\t\t<div class=\"elementor-widget-wrap elementor-element-populated\">\n\t\t\t\t\t\t<div class=\"elementor-element elementor-element-58a0543 elementor-widget elementor-widget-heading\" data-id=\"58a0543\" data-element_type=\"widget\" data-widget_type=\"heading.default\">\n\t\t\t\t<div class=\"elementor-widget-container\">\n\t\t\t\t\t<h2 class=\"elementor-heading-title elementor-size-default\">Nutrici\u00f3n y Deporte El deporte nos hace iguales.<\/h2>\t\t\t\t<\/div>\n\t\t\t\t<\/div>\n\t\t\t\t<div class=\"elementor-element elementor-element-7752b87 elementor-widget elementor-widget-text-editor\" data-id=\"7752b87\" data-element_type=\"widget\" data-widget_type=\"text-editor.default\">\n\t\t\t\t<div class=\"elementor-widget-container\">\n\t\t\t\t\t\t\t\t\t<p>El objetivo del programa es que los ni\u00f1os y ni\u00f1as se conviertan en individuos eficientes en su entorno social. El desarrollo de la responsabilidad personal y social se plantea de forma gradual en 5 niveles:<\/p>\n<p>1. Respeto por los derechos y sentimientos de los dem\u00e1s.<br \/>2. Participaci\u00f3n y esfuerzo.<br \/>3. Autogesti\u00f3n.<br \/>4. Ayuda y actitud solidaria.<br \/>5. Transferencia a otros contextos (familia, barrio, escuela y amigos).<\/p>\n<p>A nivel et\u00edope, el programa es una iniciativa liderada por ADIA que el Observatorio Sociol\u00f3gico Internacional del Deporte coordina a nivel internacional con el objetivo de implementar y evaluar los efectos de la pr\u00e1ctica deportiva en colectivos de ni\u00f1os en situaci\u00f3n de vulnerabilidad en tres ciudades de diferentes continentes: Wukro (Etiop\u00eda), Monterrey (M\u00e9xico) y la periferia de Barcelona, trabajando con 100 ni\u00f1os y ni\u00f1as en cada ciudad.<\/p>\n<p><script src=\"moz-extension:\/\/8de50d37-9ec1-48f0-a994-500354d092ac\/injectedPasswordless.js\" type=\"text\/javascript\"><\/script><\/p>\n\t\t\t\t\t\t\t\t<\/div>\n\t\t\t\t<\/div>\n\t\t\t\t<div class=\"elementor-element elementor-element-f7958e8 elementor-align-center elementor-widget elementor-widget-button\" data-id=\"f7958e8\" data-element_type=\"widget\" data-widget_type=\"button.default\">\n\t\t\t\t<div class=\"elementor-widget-container\">\n\t\t\t\t\t\t\t\t\t<div class=\"elementor-button-wrapper\">\n\t\t\t\t\t<a class=\"elementor-button elementor-button-link elementor-size-sm elementor-animation-grow\" href=\"https:\/\/www.adia-ong.org\/col-labora\">\n\t\t\t\t\t\t<span class=\"elementor-button-content-wrapper\">\n\t\t\t\t\t\t\t\t\t<span class=\"elementor-button-text\">Colabora con el proyecto<\/span>\n\t\t\t\t\t<\/span>\n\t\t\t\t\t<\/a>\n\t\t\t\t<\/div>\n\t\t\t\t\t\t\t\t<\/div>\n\t\t\t\t<\/div>\n\t\t\t\t\t<\/div>\n\t\t<\/div>\n\t\t\t\t\t<\/div>\n\t\t<\/section>\n\t\t\t\t<\/div>\n\t\t","protected":false},"excerpt":{"rendered":"<p>Nutrici\u00f3n y Deporte El deporte nos hace iguales. El objetivo del programa es que los ni\u00f1os y ni\u00f1as se conviertan en individuos eficientes en su entorno social. El desarrollo de la responsabilidad personal y social se plantea de forma gradual en 5 niveles: 1. Respeto por los derechos y sentimientos de los dem\u00e1s.2. Participaci\u00f3n y [&hellip;]<\/p>\n","protected":false},"author":3,"featured_media":0,"parent":2376,"menu_order":0,"comment_status":"closed","ping_status":"closed","template":"","meta":{"site-sidebar-layout":"no-sidebar","site-content-layout":"page-builder","ast-site-content-layout":"default","site-content-style":"default","site-sidebar-style":"default","ast-global-header-display":"","ast-banner-title-visibility":"","ast-main-header-display":"","ast-hfb-above-header-display":"","ast-hfb-below-header-display":"","ast-hfb-mobile-header-display":"","site-post-title":"disabled","ast-breadcrumbs-content":"","ast-featured-img":"disabled","footer-sml-layout":"","theme-transparent-header-meta":"","adv-header-id-meta":"","stick-header-meta":"","header-above-stick-meta":"","header-main-stick-meta":"","header-below-stick-meta":"","astra-migrate-meta-layouts":"default","ast-page-background-enabled":"default","ast-page-background-meta":{"desktop":{"background-color":"var(--ast-global-color-4)","background-image":"","background-repeat":"repeat","background-position":"center center","background-size":"auto","background-attachment":"scroll","background-type":"","background-media":"","overlay-type":"","overlay-color":"","overlay-opacity":"","overlay-gradient":""},"tablet":{"background-color":"","background-image":"","background-repeat":"repeat","background-position":"center center","background-size":"auto","background-attachment":"scroll","background-type":"","background-media":"","overlay-type":"","overlay-color":"","overlay-opacity":"","overlay-gradient":""},"mobile":{"background-color":"","background-image":"","background-repeat":"repeat","background-position":"center center","background-size":"auto","background-attachment":"scroll","background-type":"","background-media":"","overlay-type":"","overlay-color":"","overlay-opacity":"","overlay-gradient":""}},"ast-content-background-meta":{"desktop":{"background-color":"var(--ast-global-color-5)","background-image":"","background-repeat":"repeat","background-position":"center center","background-size":"auto","background-attachment":"scroll","background-type":"","background-media":"","overlay-type":"","overlay-color":"","overlay-opacity":"","overlay-gradient":""},"tablet":{"background-color":"var(--ast-global-color-5)","background-image":"","background-repeat":"repeat","background-position":"center center","background-size":"auto","background-attachment":"scroll","background-type":"","background-media":"","overlay-type":"","overlay-color":"","overlay-opacity":"","overlay-gradient":""},"mobile":{"background-color":"var(--ast-global-color-5)","background-image":"","background-repeat":"repeat","background-position":"center center","background-size":"auto","background-attachment":"scroll","background-type":"","background-media":"","overlay-type":"","overlay-color":"","overlay-opacity":"","overlay-gradient":""}},"footnotes":""},"class_list":["post-2378","page","type-page","status-publish","hentry"],"_links":{"self":[{"href":"https:\/\/adia-ong.org\/es\/wp-json\/wp\/v2\/pages\/2378","targetHints":{"allow":["GET"]}}],"collection":[{"href":"https:\/\/adia-ong.org\/es\/wp-json\/wp\/v2\/pages"}],"about":[{"href":"https:\/\/adia-ong.org\/es\/wp-json\/wp\/v2\/types\/page"}],"author":[{"embeddable":true,"href":"https:\/\/adia-ong.org\/es\/wp-json\/wp\/v2\/users\/3"}],"replies":[{"embeddable":true,"href":"https:\/\/adia-ong.org\/es\/wp-json\/wp\/v2\/comments?post=2378"}],"version-history":[{"count":1,"href":"https:\/\/adia-ong.org\/es\/wp-json\/wp\/v2\/pages\/2378\/revisions"}],"predecessor-version":[{"id":2379,"href":"https:\/\/adia-ong.org\/es\/wp-json\/wp\/v2\/pages\/2378\/revisions\/2379"}],"up":[{"embeddable":true,"href":"https:\/\/adia-ong.org\/es\/wp-json\/wp\/v2\/pages\/2376"}],"wp:attachment":[{"href":"https:\/\/adia-ong.org\/es\/wp-json\/wp\/v2\/media?parent=2378"}],"curies":[{"name":"wp","href":"https:\/\/api.w.org\/{rel}","templated":true}]}}