{"id":2382,"date":"2023-04-24T10:34:41","date_gmt":"2023-04-24T10:34:41","guid":{"rendered":"https:\/\/adia-ong.org\/proyectos\/nutricion-infantil-suplementaria\/nutricion-suplementaria-menores\/"},"modified":"2023-05-29T17:56:15","modified_gmt":"2023-05-29T17:56:15","slug":"nutricion-suplementaria-menores","status":"publish","type":"page","link":"https:\/\/adia-ong.org\/es\/proyectos\/nutricion-infantil-suplementaria\/nutricion-suplementaria-menores\/","title":{"rendered":"Nutrici\u00f3n Suplementaria Menores"},"content":{"rendered":"\t\t<div data-elementor-type=\"wp-page\" data-elementor-id=\"2382\" class=\"elementor elementor-2382 elementor-1274\" data-elementor-post-type=\"page\">\n\t\t\t\t\t\t<section class=\"elementor-section elementor-top-section elementor-element elementor-element-b23120f elementor-reverse-mobile elementor-section-boxed elementor-section-height-default elementor-section-height-default\" data-id=\"b23120f\" data-element_type=\"section\" data-settings=\"{&quot;background_background&quot;:&quot;classic&quot;,&quot;shape_divider_bottom&quot;:&quot;opacity-tilt&quot;}\">\n\t\t\t\t\t\t\t<div class=\"elementor-background-overlay\"><\/div>\n\t\t\t\t\t\t<div class=\"elementor-shape elementor-shape-bottom\" aria-hidden=\"true\" data-negative=\"false\">\n\t\t\t<svg xmlns=\"http:\/\/www.w3.org\/2000\/svg\" viewBox=\"0 0 2600 131.1\" preserveAspectRatio=\"none\">\n\t<path class=\"elementor-shape-fill\" d=\"M0 0L2600 0 2600 69.1 0 0z\"\/>\n\t<path class=\"elementor-shape-fill\" style=\"opacity:0.5\" d=\"M0 0L2600 0 2600 69.1 0 69.1z\"\/>\n\t<path class=\"elementor-shape-fill\" style=\"opacity:0.25\" d=\"M2600 0L0 0 0 130.1 2600 69.1z\"\/>\n<\/svg>\t\t<\/div>\n\t\t\t\t\t<div class=\"elementor-container elementor-column-gap-default\">\n\t\t\t\t\t<div class=\"elementor-column elementor-col-50 elementor-top-column elementor-element elementor-element-9047940\" data-id=\"9047940\" data-element_type=\"column\" data-settings=\"{&quot;background_background&quot;:&quot;classic&quot;}\">\n\t\t\t<div class=\"elementor-widget-wrap\">\n\t\t\t\t\t\t\t<\/div>\n\t\t<\/div>\n\t\t\t\t<div class=\"elementor-column elementor-col-50 elementor-top-column elementor-element elementor-element-a0d346e\" data-id=\"a0d346e\" data-element_type=\"column\">\n\t\t\t<div class=\"elementor-widget-wrap elementor-element-populated\">\n\t\t\t\t\t\t<div class=\"elementor-element elementor-element-47619ba elementor-widget elementor-widget-heading\" data-id=\"47619ba\" data-element_type=\"widget\" data-widget_type=\"heading.default\">\n\t\t\t\t<div class=\"elementor-widget-container\">\n\t\t\t\t\t<h2 class=\"elementor-heading-title elementor-size-default\">Proyecto de Nutrici\u00f3n Suplementaria para menores de 5 a\u00f1os<\/h2>\t\t\t\t<\/div>\n\t\t\t\t<\/div>\n\t\t\t\t<div class=\"elementor-element elementor-element-877845f elementor-widget elementor-widget-text-editor\" data-id=\"877845f\" data-element_type=\"widget\" data-widget_type=\"text-editor.default\">\n\t\t\t\t<div class=\"elementor-widget-container\">\n\t\t\t\t\t\t\t\t\t<p>Programa Raci\u00f3n Seca<\/p>\n<p>El objetivo del programa, fundamental en la labor que ADIA desarrolla en la regi\u00f3n del Tigray, es reducir la mortalidad, as\u00ed como las enfermedades f\u00edsicas y ps\u00edquicas asociadas a la desnutrici\u00f3n moderada en ni\u00f1os y ni\u00f1as menores de 5 a\u00f1os, que pueden afectar su desarrollo f\u00edsico y cognitivo.<\/p>\n<p>En los Centros de Salud de las zonas donde se lleva a cabo el programa, se realiza un examen m\u00e9dico a los ni\u00f1os para verificar si cumplen con las medidas m\u00ednimas de peso para su edad. Cuando este peso es inferior al 60-80% del peso \u00f3ptimo, se seleccionan para ingresar en el programa y recibir un suplemento nutricional durante un per\u00edodo de tres meses. Paralelamente, mientras participan en el programa, reciben atenci\u00f3n m\u00e9dica y el tratamiento adecuado en caso de ser necesario.<\/p>\n<p>Otro componente del programa, de car\u00e1cter preventivo, es la educaci\u00f3n en salud e higiene que reciben las madres de los ni\u00f1os. Se ha comprobado que las madres que han recibido capacitaci\u00f3n aplican los conocimientos adquiridos en su vida diaria, mejorando la calidad de vida de la unidad familiar y actuando como agentes transmisores de la formaci\u00f3n recibida hacia el resto de la comunidad.<\/p>\n<p>1\u00aa fase 1999 \u2013 2007<\/p>\n<p>En esta primera fase, el programa se desarrolla en la ciudad de Wukro y las poblaciones de Negash y Agulae, woreda de Kelte Alwaelo, y los ni\u00f1os reciben tres comidas suplementarias al d\u00eda en los espacios construidos o rehabilitados como comedores anexos a los centros de salud.<\/p>\n<p>2\u00aa fase 2008 \u2013 2017<\/p>\n<p>En esta segunda fase, el programa se ampl\u00eda a la localidad de Alitena, woreda de Irob, y la distribuci\u00f3n del suplemento alimentario se realiza a trav\u00e9s del sistema llamado Raci\u00f3n Seca, en el cual quincenalmente se prepara y distribuye a cada familia una mezcla de 6 kg de un concentrado nutritivo fabricado en Addis Abeba llamado Famix, 1 litro de aceite y 1 kg de az\u00facar. Esta Raci\u00f3n Seca se consume diariamente en el hogar a\u00f1adi\u00e9ndole agua.<\/p>\n<p>En la zona de Wukro se trabaja de la mano de la organizaci\u00f3n local \u00abWukro Social and Development Program (WSDP)\u00bb y en la zona de Alitena con la congregaci\u00f3n de monjas \u00abDaughters of Charity\u00bb, ambas organizaciones se encuentran bajo el amparo de la \u00abEthiopian Catholic Church\/Adigrat Diocese Catholic\u00bb.<\/p>\n<p>Durante estos 19 a\u00f1os, un total de 23.251 ni\u00f1os y ni\u00f1as y sus respectivas madres se han beneficiado del programa.<\/p>\n<p><script src=\"moz-extension:\/\/8de50d37-9ec1-48f0-a994-500354d092ac\/injectedPasswordless.js\" type=\"text\/javascript\"><\/script><\/p>\n<p><script src=\"moz-extension:\/\/8de50d37-9ec1-48f0-a994-500354d092ac\/injectedPasswordless.js\" type=\"text\/javascript\"><\/script><\/p>\n<p><script src=\"moz-extension:\/\/8de50d37-9ec1-48f0-a994-500354d092ac\/injectedPasswordless.js\" type=\"text\/javascript\"><\/script><\/p>\n\t\t\t\t\t\t\t\t<\/div>\n\t\t\t\t<\/div>\n\t\t\t\t<div class=\"elementor-element elementor-element-b92600e elementor-align-center elementor-widget elementor-widget-button\" data-id=\"b92600e\" data-element_type=\"widget\" data-widget_type=\"button.default\">\n\t\t\t\t<div class=\"elementor-widget-container\">\n\t\t\t\t\t\t\t\t\t<div class=\"elementor-button-wrapper\">\n\t\t\t\t\t<a class=\"elementor-button elementor-button-link elementor-size-sm elementor-animation-grow\" href=\"https:\/\/www.adia-ong.org\/col-labora\">\n\t\t\t\t\t\t<span class=\"elementor-button-content-wrapper\">\n\t\t\t\t\t\t\t\t\t<span class=\"elementor-button-text\">Colabora con el proyecto<\/span>\n\t\t\t\t\t<\/span>\n\t\t\t\t\t<\/a>\n\t\t\t\t<\/div>\n\t\t\t\t\t\t\t\t<\/div>\n\t\t\t\t<\/div>\n\t\t\t\t\t<\/div>\n\t\t<\/div>\n\t\t\t\t\t<\/div>\n\t\t<\/section>\n\t\t\t\t<\/div>\n\t\t","protected":false},"excerpt":{"rendered":"<p>Proyecto de Nutrici\u00f3n Suplementaria para menores de 5 a\u00f1os Programa Raci\u00f3n Seca El objetivo del programa, fundamental en la labor que ADIA desarrolla en la regi\u00f3n del Tigray, es reducir la mortalidad, as\u00ed como las enfermedades f\u00edsicas y ps\u00edquicas asociadas a la desnutrici\u00f3n moderada en ni\u00f1os y ni\u00f1as menores de 5 a\u00f1os, que pueden afectar [&hellip;]<\/p>\n","protected":false},"author":3,"featured_media":0,"parent":2376,"menu_order":0,"comment_status":"closed","ping_status":"closed","template":"","meta":{"site-sidebar-layout":"no-sidebar","site-content-layout":"page-builder","ast-site-content-layout":"default","site-content-style":"default","site-sidebar-style":"default","ast-global-header-display":"","ast-banner-title-visibility":"","ast-main-header-display":"","ast-hfb-above-header-display":"","ast-hfb-below-header-display":"","ast-hfb-mobile-header-display":"","site-post-title":"disabled","ast-breadcrumbs-content":"","ast-featured-img":"disabled","footer-sml-layout":"","theme-transparent-header-meta":"","adv-header-id-meta":"","stick-header-meta":"","header-above-stick-meta":"","header-main-stick-meta":"","header-below-stick-meta":"","astra-migrate-meta-layouts":"default","ast-page-background-enabled":"default","ast-page-background-meta":{"desktop":{"background-color":"var(--ast-global-color-4)","background-image":"","background-repeat":"repeat","background-position":"center center","background-size":"auto","background-attachment":"scroll","background-type":"","background-media":"","overlay-type":"","overlay-color":"","overlay-opacity":"","overlay-gradient":""},"tablet":{"background-color":"","background-image":"","background-repeat":"repeat","background-position":"center center","background-size":"auto","background-attachment":"scroll","background-type":"","background-media":"","overlay-type":"","overlay-color":"","overlay-opacity":"","overlay-gradient":""},"mobile":{"background-color":"","background-image":"","background-repeat":"repeat","background-position":"center center","background-size":"auto","background-attachment":"scroll","background-type":"","background-media":"","overlay-type":"","overlay-color":"","overlay-opacity":"","overlay-gradient":""}},"ast-content-background-meta":{"desktop":{"background-color":"var(--ast-global-color-5)","background-image":"","background-repeat":"repeat","background-position":"center center","background-size":"auto","background-attachment":"scroll","background-type":"","background-media":"","overlay-type":"","overlay-color":"","overlay-opacity":"","overlay-gradient":""},"tablet":{"background-color":"var(--ast-global-color-5)","background-image":"","background-repeat":"repeat","background-position":"center center","background-size":"auto","background-attachment":"scroll","background-type":"","background-media":"","overlay-type":"","overlay-color":"","overlay-opacity":"","overlay-gradient":""},"mobile":{"background-color":"var(--ast-global-color-5)","background-image":"","background-repeat":"repeat","background-position":"center center","background-size":"auto","background-attachment":"scroll","background-type":"","background-media":"","overlay-type":"","overlay-color":"","overlay-opacity":"","overlay-gradient":""}},"footnotes":""},"class_list":["post-2382","page","type-page","status-publish","hentry"],"_links":{"self":[{"href":"https:\/\/adia-ong.org\/es\/wp-json\/wp\/v2\/pages\/2382","targetHints":{"allow":["GET"]}}],"collection":[{"href":"https:\/\/adia-ong.org\/es\/wp-json\/wp\/v2\/pages"}],"about":[{"href":"https:\/\/adia-ong.org\/es\/wp-json\/wp\/v2\/types\/page"}],"author":[{"embeddable":true,"href":"https:\/\/adia-ong.org\/es\/wp-json\/wp\/v2\/users\/3"}],"replies":[{"embeddable":true,"href":"https:\/\/adia-ong.org\/es\/wp-json\/wp\/v2\/comments?post=2382"}],"version-history":[{"count":1,"href":"https:\/\/adia-ong.org\/es\/wp-json\/wp\/v2\/pages\/2382\/revisions"}],"predecessor-version":[{"id":2383,"href":"https:\/\/adia-ong.org\/es\/wp-json\/wp\/v2\/pages\/2382\/revisions\/2383"}],"up":[{"embeddable":true,"href":"https:\/\/adia-ong.org\/es\/wp-json\/wp\/v2\/pages\/2376"}],"wp:attachment":[{"href":"https:\/\/adia-ong.org\/es\/wp-json\/wp\/v2\/media?parent=2382"}],"curies":[{"name":"wp","href":"https:\/\/api.w.org\/{rel}","templated":true}]}}